{"id":840,"date":"2025-08-15T14:15:56","date_gmt":"2025-08-15T14:15:56","guid":{"rendered":"https:\/\/immersiveexperience.asia\/home\/"},"modified":"2025-08-31T14:31:50","modified_gmt":"2025-08-31T14:31:50","slug":"home","status":"publish","type":"page","link":"https:\/\/immersiveexperience.asia\/en\/","title":{"rendered":"Home"},"content":{"rendered":"\t\t<div data-elementor-type=\"wp-page\" data-elementor-id=\"840\" class=\"elementor elementor-840\" data-elementor-post-type=\"page\">\n\t\t\t\t<div class=\"elementor-element elementor-element-f66031b e-con-full e-flex e-con e-parent\" data-id=\"f66031b\" data-element_type=\"container\" data-settings=\"{&quot;background_background&quot;:&quot;classic&quot;}\">\n\t\t<div class=\"elementor-element elementor-element-425c18a e-flex e-con-boxed e-con e-child\" data-id=\"425c18a\" data-element_type=\"container\">\n\t\t\t\t\t<div class=\"e-con-inner\">\n\t\t\t\t<div class=\"elementor-element elementor-element-1d33c44 elementor-widget__width-initial elementor-widget elementor-widget-heading\" data-id=\"1d33c44\" data-element_type=\"widget\" data-widget_type=\"heading.default\">\n\t\t\t\t<div class=\"elementor-widget-container\">\n\t\t\t\t\t<h1 class=\"elementor-heading-title elementor-size-default\">Tri\u1ec3n l\u00e3m ngh\u1ec7 thu\u1eadt\nt\u01b0\u01a1ng t\u00e1c \u0111a gi\u00e1c quan<\/h1>\t\t\t\t<\/div>\n\t\t\t\t<\/div>\n\t\t\t\t\t<\/div>\n\t\t\t\t<\/div>\n\t\t<div class=\"elementor-element elementor-element-a161fa2 e-flex e-con-boxed e-con e-child\" data-id=\"a161fa2\" data-element_type=\"container\">\n\t\t\t\t\t<div class=\"e-con-inner\">\n\t\t\t\t<div class=\"elementor-element elementor-element-01f0f2c elementor-widget__width-initial elementor-widget elementor-widget-text-editor\" data-id=\"01f0f2c\" data-element_type=\"widget\" data-widget_type=\"text-editor.default\">\n\t\t\t\t<div class=\"elementor-widget-container\">\n\t\t\t\t\t\t\t\t\t<p>\u0110\u1eafm m\u00ecnh trong d\u00f2ng ch\u1ea3y c\u1ea3m x\u00fac t\u1ea1i TO\u1ea2 &#8211; n\u01a1i ngh\u1ec7 thu\u1eadt l\u00e0 c\u00e2u chuy\u1ec7n \u0111\u01b0\u1ee3c k\u1ec3 b\u1eb1ng \u00e1nh s\u00e1ng, \u00e2m thanh v\u00e0 nh\u1eefng rung \u0111\u1ed9ng ch\u1ea1m \u0111\u1ebfn tr\u00e1i tim.<\/p>\t\t\t\t\t\t\t\t<\/div>\n\t\t\t\t<\/div>\n\t\t\t\t\t<\/div>\n\t\t\t\t<\/div>\n\t\t\t\t<\/div>\n\t\t<div class=\"elementor-element elementor-element-6a2d862 e-flex e-con-boxed e-con e-parent\" data-id=\"6a2d862\" data-element_type=\"container\">\n\t\t\t\t\t<div class=\"e-con-inner\">\n\t\t\t\t<div class=\"elementor-element elementor-element-0481518 elementor-widget elementor-widget-heading\" data-id=\"0481518\" data-element_type=\"widget\" data-widget_type=\"heading.default\">\n\t\t\t\t<div class=\"elementor-widget-container\">\n\t\t\t\t\t<h2 class=\"elementor-heading-title elementor-size-default\">Th\u01b0\u1edfng l\u00e3m h\u1ed9i ho\u1ea1 th\u1ebf gi\u1edbi<\/h2>\t\t\t\t<\/div>\n\t\t\t\t<\/div>\n\t\t\t\t<div class=\"elementor-element elementor-element-7f437d2 elementor-widget elementor-widget-text-editor\" data-id=\"7f437d2\" data-element_type=\"widget\" data-widget_type=\"text-editor.default\">\n\t\t\t\t<div class=\"elementor-widget-container\">\n\t\t\t\t\t\t\t\t\t<p>Ki\u1ec7t t\u00e1c v\u01b0\u1ee3t th\u1eddi gian s\u1ed1ng d\u1eady ngay tr\u01b0\u1edbc m\u1eaft b\u1ea1n<br \/><br \/><\/p>\t\t\t\t\t\t\t\t<\/div>\n\t\t\t\t<\/div>\n\t\t\t\t\t<\/div>\n\t\t\t\t<\/div>\n\t\t<div class=\"elementor-element elementor-element-34c7f89 e-flex e-con-boxed e-con e-parent\" data-id=\"34c7f89\" data-element_type=\"container\">\n\t\t\t\t\t<div class=\"e-con-inner\">\n\t\t\t\t<div class=\"elementor-element elementor-element-fbb4d76 elementor-widget elementor-widget-heading\" data-id=\"fbb4d76\" data-element_type=\"widget\" data-widget_type=\"heading.default\">\n\t\t\t\t<div class=\"elementor-widget-container\">\n\t\t\t\t\t<h2 class=\"elementor-heading-title elementor-size-default\">Chi\u00eam ng\u01b0\u1ee1ng tinh hoa b\u1ea3n s\u1eafc Vi\u1ec7t<\/h2>\t\t\t\t<\/div>\n\t\t\t\t<\/div>\n\t\t\t\t<div class=\"elementor-element elementor-element-3a5225e elementor-widget elementor-widget-text-editor\" data-id=\"3a5225e\" data-element_type=\"widget\" data-widget_type=\"text-editor.default\">\n\t\t\t\t<div class=\"elementor-widget-container\">\n\t\t\t\t\t\t\t\t\t<p>Di s\u1ea3n ngh\u00ecn n\u0103m t\u1ecfa s\u00e1ng c\u00f9ng c\u00f4ng ngh\u1ec7 \u0111a gi\u00e1c quan<\/p>\t\t\t\t\t\t\t\t<\/div>\n\t\t\t\t<\/div>\n\t\t\t\t\t<\/div>\n\t\t\t\t<\/div>\n\t\t<div class=\"elementor-element elementor-element-5b6e5da e-con-full e-flex e-con e-parent\" data-id=\"5b6e5da\" data-element_type=\"container\">\n\t\t\t\t<\/div>\n\t\t<div class=\"elementor-element elementor-element-3615f26 e-flex e-con-boxed e-con e-parent\" data-id=\"3615f26\" data-element_type=\"container\" data-settings=\"{&quot;background_background&quot;:&quot;classic&quot;}\">\n\t\t\t\t\t<div class=\"e-con-inner\">\n\t\t\t\t<div class=\"elementor-element elementor-element-8abbb8e elementor-widget elementor-widget-heading\" data-id=\"8abbb8e\" data-element_type=\"widget\" data-widget_type=\"heading.default\">\n\t\t\t\t<div class=\"elementor-widget-container\">\n\t\t\t\t\t<h2 class=\"elementor-heading-title elementor-size-default\">Chi\u00eam ng\u01b0\u1ee1ng tinh hoa b\u1ea3n s\u1eafc Vi\u1ec7t<\/h2>\t\t\t\t<\/div>\n\t\t\t\t<\/div>\n\t\t\t\t<div class=\"elementor-element elementor-element-8028f4d elementor-widget elementor-widget-pp-logo-carousel\" data-id=\"8028f4d\" data-element_type=\"widget\" data-settings=\"{&quot;items&quot;:{&quot;unit&quot;:&quot;px&quot;,&quot;size&quot;:4,&quot;sizes&quot;:[]},&quot;margin&quot;:{&quot;unit&quot;:&quot;px&quot;,&quot;size&quot;:20,&quot;sizes&quot;:[]},&quot;items_tablet&quot;:{&quot;unit&quot;:&quot;px&quot;,&quot;size&quot;:2,&quot;sizes&quot;:[]},&quot;items_mobile&quot;:{&quot;unit&quot;:&quot;px&quot;,&quot;size&quot;:1,&quot;sizes&quot;:[]},&quot;margin_tablet&quot;:{&quot;unit&quot;:&quot;px&quot;,&quot;size&quot;:10,&quot;sizes&quot;:[]},&quot;margin_mobile&quot;:{&quot;unit&quot;:&quot;px&quot;,&quot;size&quot;:10,&quot;sizes&quot;:[]}}\" data-widget_type=\"pp-logo-carousel.default\">\n\t\t\t\t<div class=\"elementor-widget-container\">\n\t\t\t\t\t\t\t<div class=\"swiper-container-wrap\">\n\t\t\t<div class=\"pp-logo-carousel pp-swiper-slider swiper-container\" data-pagination=\".swiper-pagination-8028f4d\" data-arrow-next=\".swiper-button-next-8028f4d\" data-arrow-prev=\".swiper-button-prev-8028f4d\" data-slider-settings=\"{&quot;direction&quot;:&quot;horizontal&quot;,&quot;speed&quot;:400,&quot;effect&quot;:&quot;slide&quot;,&quot;slidesPerView&quot;:4,&quot;spaceBetween&quot;:20,&quot;grabCursor&quot;:false,&quot;autoHeight&quot;:true,&quot;loop&quot;:false,&quot;autoplay&quot;:{&quot;delay&quot;:999999,&quot;disableOnInteraction&quot;:false},&quot;breakpoints&quot;:{&quot;1025&quot;:{&quot;slidesPerView&quot;:4,&quot;spaceBetween&quot;:20},&quot;768&quot;:{&quot;slidesPerView&quot;:2,&quot;spaceBetween&quot;:10},&quot;320&quot;:{&quot;slidesPerView&quot;:1,&quot;spaceBetween&quot;:10}}}\">\n\t\t\t\t<div class=\"swiper-wrapper\">\n\t\t\t\t\t\t\t\t\t\t\t<div class=\"swiper-slide\">\n\t\t\t\t\t\t\t\t<div class=\"pp-lc-logo-wrap\">\n\t\t\t\t\t\t\t\t\t<div class=\"pp-lc-logo\">\n\t\t\t\t\t\t\t\t\t\t\t\t\t\t\t\t\t\t\t\t\t\t<img decoding=\"async\" src=\"https:\/\/immersiveexperience.asia\/wp-content\/uploads\/2025\/08\/Group-4-1.svg\" alt=\"Group 4 (1)\">\n\t\t\t\t\t\t\t\t\t\t\t\t\t\t\t\t\t\t\t\t\t<\/div>\n\t\t\t\t\t\t\t\t\t\t\t\t\t\t\t\t\t<\/div>\n\t\t\t\t\t\t\t<\/div>\n\t\t\t\t\t\t\t\t\t\t\t\t\t\t<div class=\"swiper-slide\">\n\t\t\t\t\t\t\t\t<div class=\"pp-lc-logo-wrap\">\n\t\t\t\t\t\t\t\t\t<div class=\"pp-lc-logo\">\n\t\t\t\t\t\t\t\t\t\t\t\t\t\t\t\t\t\t\t\t\t\t<img decoding=\"async\" src=\"https:\/\/immersiveexperience.asia\/wp-content\/uploads\/2025\/08\/Group-8.svg\" alt=\"Group 8\">\n\t\t\t\t\t\t\t\t\t\t\t\t\t\t\t\t\t\t\t\t\t<\/div>\n\t\t\t\t\t\t\t\t\t\t\t\t\t\t\t\t\t<\/div>\n\t\t\t\t\t\t\t<\/div>\n\t\t\t\t\t\t\t\t\t\t\t\t\t\t<div class=\"swiper-slide\">\n\t\t\t\t\t\t\t\t<div class=\"pp-lc-logo-wrap\">\n\t\t\t\t\t\t\t\t\t<div class=\"pp-lc-logo\">\n\t\t\t\t\t\t\t\t\t\t\t\t\t\t\t\t\t\t\t\t\t\t<img decoding=\"async\" src=\"https:\/\/immersiveexperience.asia\/wp-content\/uploads\/2025\/08\/Group-9.svg\" alt=\"Group 9\">\n\t\t\t\t\t\t\t\t\t\t\t\t\t\t\t\t\t\t\t\t\t<\/div>\n\t\t\t\t\t\t\t\t\t\t\t\t\t\t\t\t\t<\/div>\n\t\t\t\t\t\t\t<\/div>\n\t\t\t\t\t\t\t\t\t\t\t\t\t\t<div class=\"swiper-slide\">\n\t\t\t\t\t\t\t\t<div class=\"pp-lc-logo-wrap\">\n\t\t\t\t\t\t\t\t\t<div class=\"pp-lc-logo\">\n\t\t\t\t\t\t\t\t\t\t\t\t\t\t\t\t\t\t\t\t\t\t<img decoding=\"async\" src=\"https:\/\/immersiveexperience.asia\/wp-content\/uploads\/2025\/08\/Group-10.svg\" alt=\"Group 10\">\n\t\t\t\t\t\t\t\t\t\t\t\t\t\t\t\t\t\t\t\t\t<\/div>\n\t\t\t\t\t\t\t\t\t\t\t\t\t\t\t\t\t<\/div>\n\t\t\t\t\t\t\t<\/div>\n\t\t\t\t\t\t\t\t\t\t\t<\/div>\n\t\t\t<\/div>\n\t\t\t\t\t<\/div>\n\t\t\t\t\t\t<\/div>\n\t\t\t\t<\/div>\n\t\t\t\t\t<\/div>\n\t\t\t\t<\/div>\n\t\t\t\t<\/div>\n\t\t","protected":false},"excerpt":{"rendered":"<p>Interactive Multi-Sensory Art Exhibition Immerse yourself in a flow of emotions at TOA &#8211; where art is a story told through light, sound, and vibrations that touch the heart. Experience World-Class Paintings Timeless masterpieces come to life before your eyes Admire the Essence of Vietnamese Identity Thousand-year-old heritage shines with multi-sensory technology Admire the Essence [&hellip;]<\/p>\n","protected":false},"author":1,"featured_media":1271,"parent":0,"menu_order":0,"comment_status":"closed","ping_status":"closed","template":"elementor_header_footer","meta":{"footnotes":""},"class_list":["post-840","page","type-page","status-publish","has-post-thumbnail","hentry"],"yoast_head":"<!-- This site is optimized with the Yoast SEO plugin v25.7 - https:\/\/yoast.com\/wordpress\/plugins\/seo\/ -->\n<title>Soul of VAN GOGH Immersive Experience by To\u1ea3 Exhibition<\/title>\n<meta name=\"description\" content=\"SOUL OF VAN GOGH Immersive Experience Exhibition. The Van Gogh exhibition is located right in the center of District 1, Ben Thanh Metro Station\" \/>\n<meta name=\"robots\" content=\"index, follow, max-snippet:-1, max-image-preview:large, max-video-preview:-1\" \/>\n<link rel=\"canonical\" href=\"https:\/\/immersiveexperience.asia\/en\/home\/\" \/>\n<meta property=\"og:locale\" content=\"en_US\" \/>\n<meta property=\"og:type\" content=\"article\" \/>\n<meta property=\"og:title\" content=\"Soul of VAN GOGH Immersive Experience by To\u1ea3 Exhibition\" \/>\n<meta property=\"og:description\" content=\"SOUL OF VAN GOGH Immersive Experience Exhibition. The Van Gogh exhibition is located right in the center of District 1, Ben Thanh Metro Station\" \/>\n<meta property=\"og:url\" content=\"https:\/\/immersiveexperience.asia\/en\/home\/\" \/>\n<meta property=\"og:site_name\" content=\"immersiveexperience.asia\" \/>\n<meta property=\"article:modified_time\" content=\"2025-08-31T14:31:50+00:00\" \/>\n<meta property=\"og:image\" content=\"https:\/\/immersiveexperience.asia\/wp-content\/uploads\/2025\/08\/540345154_1157541226423361_2146748776861439655_n-1.jpg\" \/>\n\t<meta property=\"og:image:width\" content=\"1440\" \/>\n\t<meta property=\"og:image:height\" content=\"964\" \/>\n\t<meta property=\"og:image:type\" content=\"image\/jpeg\" \/>\n<meta name=\"twitter:card\" content=\"summary_large_image\" \/>\n<script type=\"application\/ld+json\" class=\"yoast-schema-graph\">{\"@context\":\"https:\/\/schema.org\",\"@graph\":[{\"@type\":\"WebPage\",\"@id\":\"https:\/\/immersiveexperience.asia\/en\/home\/\",\"url\":\"https:\/\/immersiveexperience.asia\/en\/home\/\",\"name\":\"Soul of VAN GOGH Immersive Experience by To\u1ea3 Exhibition\",\"isPartOf\":{\"@id\":\"https:\/\/immersiveexperience.asia\/#website\"},\"primaryImageOfPage\":{\"@id\":\"https:\/\/immersiveexperience.asia\/en\/home\/#primaryimage\"},\"image\":{\"@id\":\"https:\/\/immersiveexperience.asia\/en\/home\/#primaryimage\"},\"thumbnailUrl\":\"https:\/\/immersiveexperience.asia\/wp-content\/uploads\/2025\/08\/540345154_1157541226423361_2146748776861439655_n-1.jpg\",\"datePublished\":\"2025-08-15T14:15:56+00:00\",\"dateModified\":\"2025-08-31T14:31:50+00:00\",\"description\":\"SOUL OF VAN GOGH Immersive Experience Exhibition. The Van Gogh exhibition is located right in the center of District 1, Ben Thanh Metro Station\",\"breadcrumb\":{\"@id\":\"https:\/\/immersiveexperience.asia\/en\/home\/#breadcrumb\"},\"inLanguage\":\"en-US\",\"potentialAction\":[{\"@type\":\"ReadAction\",\"target\":[\"https:\/\/immersiveexperience.asia\/en\/home\/\"]}]},{\"@type\":\"ImageObject\",\"inLanguage\":\"en-US\",\"@id\":\"https:\/\/immersiveexperience.asia\/en\/home\/#primaryimage\",\"url\":\"https:\/\/immersiveexperience.asia\/wp-content\/uploads\/2025\/08\/540345154_1157541226423361_2146748776861439655_n-1.jpg\",\"contentUrl\":\"https:\/\/immersiveexperience.asia\/wp-content\/uploads\/2025\/08\/540345154_1157541226423361_2146748776861439655_n-1.jpg\",\"width\":1440,\"height\":964,\"caption\":\"Soul of VAN GOGH b\u1ebfn th\u00e0nh Qu\u1eadn 1 by TO\u1ea2\"},{\"@type\":\"BreadcrumbList\",\"@id\":\"https:\/\/immersiveexperience.asia\/en\/home\/#breadcrumb\",\"itemListElement\":[{\"@type\":\"ListItem\",\"position\":1,\"name\":\"Home\",\"item\":\"https:\/\/immersiveexperience.asia\/en\/home\/\"},{\"@type\":\"ListItem\",\"position\":2,\"name\":\"Home\"}]},{\"@type\":\"WebSite\",\"@id\":\"https:\/\/immersiveexperience.asia\/#website\",\"url\":\"https:\/\/immersiveexperience.asia\/\",\"name\":\"immersiveexperience.asia\",\"description\":\"Van Gogh By To\u1ea3 Exhibition\",\"publisher\":{\"@id\":\"https:\/\/immersiveexperience.asia\/#organization\"},\"potentialAction\":[{\"@type\":\"SearchAction\",\"target\":{\"@type\":\"EntryPoint\",\"urlTemplate\":\"https:\/\/immersiveexperience.asia\/?s={search_term_string}\"},\"query-input\":{\"@type\":\"PropertyValueSpecification\",\"valueRequired\":true,\"valueName\":\"search_term_string\"}}],\"inLanguage\":\"en-US\"},{\"@type\":\"Organization\",\"@id\":\"https:\/\/immersiveexperience.asia\/#organization\",\"name\":\"immersiveexperience.asia\",\"url\":\"https:\/\/immersiveexperience.asia\/\",\"logo\":{\"@type\":\"ImageObject\",\"inLanguage\":\"en-US\",\"@id\":\"https:\/\/immersiveexperience.asia\/#\/schema\/logo\/image\/\",\"url\":\"https:\/\/immersiveexperience.asia\/wp-content\/uploads\/2025\/08\/250526.TOA_.PrimaryLogo-RGB-Red-1.svg\",\"contentUrl\":\"https:\/\/immersiveexperience.asia\/wp-content\/uploads\/2025\/08\/250526.TOA_.PrimaryLogo-RGB-Red-1.svg\",\"width\":96,\"height\":36,\"caption\":\"immersiveexperience.asia\"},\"image\":{\"@id\":\"https:\/\/immersiveexperience.asia\/#\/schema\/logo\/image\/\"}}]}<\/script>\n<!-- \/ Yoast SEO plugin. -->","yoast_head_json":{"title":"Soul of VAN GOGH Immersive Experience by To\u1ea3 Exhibition","description":"SOUL OF VAN GOGH Immersive Experience Exhibition. The Van Gogh exhibition is located right in the center of District 1, Ben Thanh Metro Station","robots":{"index":"index","follow":"follow","max-snippet":"max-snippet:-1","max-image-preview":"max-image-preview:large","max-video-preview":"max-video-preview:-1"},"canonical":"https:\/\/immersiveexperience.asia\/en\/home\/","og_locale":"en_US","og_type":"article","og_title":"Soul of VAN GOGH Immersive Experience by To\u1ea3 Exhibition","og_description":"SOUL OF VAN GOGH Immersive Experience Exhibition. The Van Gogh exhibition is located right in the center of District 1, Ben Thanh Metro Station","og_url":"https:\/\/immersiveexperience.asia\/en\/home\/","og_site_name":"immersiveexperience.asia","article_modified_time":"2025-08-31T14:31:50+00:00","og_image":[{"width":1440,"height":964,"url":"https:\/\/immersiveexperience.asia\/wp-content\/uploads\/2025\/08\/540345154_1157541226423361_2146748776861439655_n-1.jpg","type":"image\/jpeg"}],"twitter_card":"summary_large_image","schema":{"@context":"https:\/\/schema.org","@graph":[{"@type":"WebPage","@id":"https:\/\/immersiveexperience.asia\/en\/home\/","url":"https:\/\/immersiveexperience.asia\/en\/home\/","name":"Soul of VAN GOGH Immersive Experience by To\u1ea3 Exhibition","isPartOf":{"@id":"https:\/\/immersiveexperience.asia\/#website"},"primaryImageOfPage":{"@id":"https:\/\/immersiveexperience.asia\/en\/home\/#primaryimage"},"image":{"@id":"https:\/\/immersiveexperience.asia\/en\/home\/#primaryimage"},"thumbnailUrl":"https:\/\/immersiveexperience.asia\/wp-content\/uploads\/2025\/08\/540345154_1157541226423361_2146748776861439655_n-1.jpg","datePublished":"2025-08-15T14:15:56+00:00","dateModified":"2025-08-31T14:31:50+00:00","description":"SOUL OF VAN GOGH Immersive Experience Exhibition. The Van Gogh exhibition is located right in the center of District 1, Ben Thanh Metro Station","breadcrumb":{"@id":"https:\/\/immersiveexperience.asia\/en\/home\/#breadcrumb"},"inLanguage":"en-US","potentialAction":[{"@type":"ReadAction","target":["https:\/\/immersiveexperience.asia\/en\/home\/"]}]},{"@type":"ImageObject","inLanguage":"en-US","@id":"https:\/\/immersiveexperience.asia\/en\/home\/#primaryimage","url":"https:\/\/immersiveexperience.asia\/wp-content\/uploads\/2025\/08\/540345154_1157541226423361_2146748776861439655_n-1.jpg","contentUrl":"https:\/\/immersiveexperience.asia\/wp-content\/uploads\/2025\/08\/540345154_1157541226423361_2146748776861439655_n-1.jpg","width":1440,"height":964,"caption":"Soul of VAN GOGH b\u1ebfn th\u00e0nh Qu\u1eadn 1 by TO\u1ea2"},{"@type":"BreadcrumbList","@id":"https:\/\/immersiveexperience.asia\/en\/home\/#breadcrumb","itemListElement":[{"@type":"ListItem","position":1,"name":"Home","item":"https:\/\/immersiveexperience.asia\/en\/home\/"},{"@type":"ListItem","position":2,"name":"Home"}]},{"@type":"WebSite","@id":"https:\/\/immersiveexperience.asia\/#website","url":"https:\/\/immersiveexperience.asia\/","name":"immersiveexperience.asia","description":"Van Gogh By To\u1ea3 Exhibition","publisher":{"@id":"https:\/\/immersiveexperience.asia\/#organization"},"potentialAction":[{"@type":"SearchAction","target":{"@type":"EntryPoint","urlTemplate":"https:\/\/immersiveexperience.asia\/?s={search_term_string}"},"query-input":{"@type":"PropertyValueSpecification","valueRequired":true,"valueName":"search_term_string"}}],"inLanguage":"en-US"},{"@type":"Organization","@id":"https:\/\/immersiveexperience.asia\/#organization","name":"immersiveexperience.asia","url":"https:\/\/immersiveexperience.asia\/","logo":{"@type":"ImageObject","inLanguage":"en-US","@id":"https:\/\/immersiveexperience.asia\/#\/schema\/logo\/image\/","url":"https:\/\/immersiveexperience.asia\/wp-content\/uploads\/2025\/08\/250526.TOA_.PrimaryLogo-RGB-Red-1.svg","contentUrl":"https:\/\/immersiveexperience.asia\/wp-content\/uploads\/2025\/08\/250526.TOA_.PrimaryLogo-RGB-Red-1.svg","width":96,"height":36,"caption":"immersiveexperience.asia"},"image":{"@id":"https:\/\/immersiveexperience.asia\/#\/schema\/logo\/image\/"}}]}},"_links":{"self":[{"href":"https:\/\/immersiveexperience.asia\/en\/wp-json\/wp\/v2\/pages\/840","targetHints":{"allow":["GET"]}}],"collection":[{"href":"https:\/\/immersiveexperience.asia\/en\/wp-json\/wp\/v2\/pages"}],"about":[{"href":"https:\/\/immersiveexperience.asia\/en\/wp-json\/wp\/v2\/types\/page"}],"author":[{"embeddable":true,"href":"https:\/\/immersiveexperience.asia\/en\/wp-json\/wp\/v2\/users\/1"}],"replies":[{"embeddable":true,"href":"https:\/\/immersiveexperience.asia\/en\/wp-json\/wp\/v2\/comments?post=840"}],"version-history":[{"count":2,"href":"https:\/\/immersiveexperience.asia\/en\/wp-json\/wp\/v2\/pages\/840\/revisions"}],"predecessor-version":[{"id":1137,"href":"https:\/\/immersiveexperience.asia\/en\/wp-json\/wp\/v2\/pages\/840\/revisions\/1137"}],"wp:featuredmedia":[{"embeddable":true,"href":"https:\/\/immersiveexperience.asia\/en\/wp-json\/wp\/v2\/media\/1271"}],"wp:attachment":[{"href":"https:\/\/immersiveexperience.asia\/en\/wp-json\/wp\/v2\/media?parent=840"}],"curies":[{"name":"wp","href":"https:\/\/api.w.org\/{rel}","templated":true}]}}